{"id":11025,"date":"2021-06-30T12:45:47","date_gmt":"2021-06-30T12:45:47","guid":{"rendered":"https:\/\/localhost\/cardealer\/?page_id=11025"},"modified":"2024-02-11T19:51:59","modified_gmt":"2024-02-11T18:51:59","slug":"cars","status":"publish","type":"page","link":"https:\/\/www.automovilesjasu.com\/en\/cars\/","title":{"rendered":"Inventory"},"content":{"rendered":"","protected":false},"excerpt":{"rendered":"","protected":false},"author":4,"featured_media":12521,"parent":0,"menu_order":7,"comment_status":"closed","ping_status":"closed","template":"","meta":{"_joinchat":[],"footnotes":""},"class_list":["post-11025","page","type-page","status-publish","has-post-thumbnail","hentry"],"acf":[],"yoast_head":"<!-- This site is optimized with the Yoast SEO plugin v24.4 - https:\/\/yoast.com\/wordpress\/plugins\/seo\/ -->\n<title>Inventory | Autom\u00f3viles Jasu<\/title>\n<meta name=\"description\" content=\"Descubre las mejores ofertas en coches de oportunidad en Asturias en nuestro concesionario. Amplia selecci\u00f3n de veh\u00edculos de calidad a precios irresistibles. \u00a1Vis\u00edtanos y encuentra el coche perfecto para ti hoy mismo!\" \/>\n<meta name=\"robots\" content=\"index, follow, max-snippet:-1, max-image-preview:large, max-video-preview:-1\" \/>\n<link rel=\"canonical\" href=\"https:\/\/www.automovilesjasu.com\/en\/cars\/\" \/>\n<meta property=\"og:locale\" content=\"en_US\" \/>\n<meta property=\"og:type\" content=\"article\" \/>\n<meta property=\"og:title\" content=\"Inventory | Autom\u00f3viles Jasu\" \/>\n<meta property=\"og:description\" content=\"Descubre las mejores ofertas en coches de oportunidad en Asturias en nuestro concesionario. Amplia selecci\u00f3n de veh\u00edculos de calidad a precios irresistibles. \u00a1Vis\u00edtanos y encuentra el coche perfecto para ti hoy mismo!\" \/>\n<meta property=\"og:url\" content=\"https:\/\/www.automovilesjasu.com\/en\/cars\/\" \/>\n<meta property=\"og:site_name\" content=\"Autom\u00f3viles Jasu\" \/>\n<meta property=\"article:modified_time\" content=\"2024-02-11T18:51:59+00:00\" \/>\n<meta property=\"og:image\" content=\"https:\/\/www.automovilesjasu.com\/wp-content\/uploads\/2024\/02\/captura-de-pantalla-2024-02-05-a-las-18.17.24.png\" \/>\n\t<meta property=\"og:image:width\" content=\"787\" \/>\n\t<meta property=\"og:image:height\" content=\"428\" \/>\n\t<meta property=\"og:image:type\" content=\"image\/png\" \/>\n<meta name=\"twitter:card\" content=\"summary_large_image\" \/>\n<script type=\"application\/ld+json\" class=\"yoast-schema-graph\">{\"@context\":\"https:\/\/schema.org\",\"@graph\":[{\"@type\":\"WebPage\",\"@id\":\"https:\/\/www.automovilesjasu.com\/cars\/\",\"url\":\"https:\/\/www.automovilesjasu.com\/cars\/\",\"name\":\"Inventory | Autom\u00f3viles Jasu\",\"isPartOf\":{\"@id\":\"https:\/\/www.automovilesjasu.com\/#website\"},\"primaryImageOfPage\":{\"@id\":\"https:\/\/www.automovilesjasu.com\/cars\/#primaryimage\"},\"image\":{\"@id\":\"https:\/\/www.automovilesjasu.com\/cars\/#primaryimage\"},\"thumbnailUrl\":\"https:\/\/www.automovilesjasu.com\/wp-content\/uploads\/2024\/02\/captura-de-pantalla-2024-02-05-a-las-18.17.24.png\",\"datePublished\":\"2021-06-30T12:45:47+00:00\",\"dateModified\":\"2024-02-11T18:51:59+00:00\",\"description\":\"Descubre las mejores ofertas en coches de oportunidad en Asturias en nuestro concesionario. Amplia selecci\u00f3n de veh\u00edculos de calidad a precios irresistibles. \u00a1Vis\u00edtanos y encuentra el coche perfecto para ti hoy mismo!\",\"breadcrumb\":{\"@id\":\"https:\/\/www.automovilesjasu.com\/cars\/#breadcrumb\"},\"inLanguage\":\"en-US\",\"potentialAction\":[{\"@type\":\"ReadAction\",\"target\":[\"https:\/\/www.automovilesjasu.com\/cars\/\"]}]},{\"@type\":\"ImageObject\",\"inLanguage\":\"en-US\",\"@id\":\"https:\/\/www.automovilesjasu.com\/cars\/#primaryimage\",\"url\":\"https:\/\/www.automovilesjasu.com\/wp-content\/uploads\/2024\/02\/captura-de-pantalla-2024-02-05-a-las-18.17.24.png\",\"contentUrl\":\"https:\/\/www.automovilesjasu.com\/wp-content\/uploads\/2024\/02\/captura-de-pantalla-2024-02-05-a-las-18.17.24.png\",\"width\":787,\"height\":428},{\"@type\":\"BreadcrumbList\",\"@id\":\"https:\/\/www.automovilesjasu.com\/cars\/#breadcrumb\",\"itemListElement\":[{\"@type\":\"ListItem\",\"position\":1,\"name\":\"Inicio\",\"item\":\"https:\/\/www.automovilesjasu.com\/\"},{\"@type\":\"ListItem\",\"position\":2,\"name\":\"Inventory\"}]},{\"@type\":\"WebSite\",\"@id\":\"https:\/\/www.automovilesjasu.com\/#website\",\"url\":\"https:\/\/www.automovilesjasu.com\/\",\"name\":\"Autom\u00f3viles Jasu\",\"description\":\"Compraventa de Veh\u00edculos de Ocasi\u00f3n\",\"publisher\":{\"@id\":\"https:\/\/www.automovilesjasu.com\/#organization\"},\"potentialAction\":[{\"@type\":\"SearchAction\",\"target\":{\"@type\":\"EntryPoint\",\"urlTemplate\":\"https:\/\/www.automovilesjasu.com\/?s={search_term_string}\"},\"query-input\":{\"@type\":\"PropertyValueSpecification\",\"valueRequired\":true,\"valueName\":\"search_term_string\"}}],\"inLanguage\":\"en-US\"},{\"@type\":\"Organization\",\"@id\":\"https:\/\/www.automovilesjasu.com\/#organization\",\"name\":\"Autom\u00f3viles JASU\",\"url\":\"https:\/\/www.automovilesjasu.com\/\",\"logo\":{\"@type\":\"ImageObject\",\"inLanguage\":\"en-US\",\"@id\":\"https:\/\/www.automovilesjasu.com\/#\/schema\/logo\/image\/\",\"url\":\"https:\/\/www.automovilesjasu.com\/wp-content\/uploads\/2021\/07\/logo-jasu.png\",\"contentUrl\":\"https:\/\/www.automovilesjasu.com\/wp-content\/uploads\/2021\/07\/logo-jasu.png\",\"width\":2637,\"height\":1200,\"caption\":\"Autom\u00f3viles JASU\"},\"image\":{\"@id\":\"https:\/\/www.automovilesjasu.com\/#\/schema\/logo\/image\/\"}}]}<\/script>\n<!-- \/ Yoast SEO plugin. -->","yoast_head_json":{"title":"Inventory | Autom\u00f3viles Jasu","description":"Descubre las mejores ofertas en coches de oportunidad en Asturias en nuestro concesionario. Amplia selecci\u00f3n de veh\u00edculos de calidad a precios irresistibles. \u00a1Vis\u00edtanos y encuentra el coche perfecto para ti hoy mismo!","robots":{"index":"index","follow":"follow","max-snippet":"max-snippet:-1","max-image-preview":"max-image-preview:large","max-video-preview":"max-video-preview:-1"},"canonical":"https:\/\/www.automovilesjasu.com\/en\/cars\/","og_locale":"en_US","og_type":"article","og_title":"Inventory | Autom\u00f3viles Jasu","og_description":"Descubre las mejores ofertas en coches de oportunidad en Asturias en nuestro concesionario. Amplia selecci\u00f3n de veh\u00edculos de calidad a precios irresistibles. \u00a1Vis\u00edtanos y encuentra el coche perfecto para ti hoy mismo!","og_url":"https:\/\/www.automovilesjasu.com\/en\/cars\/","og_site_name":"Autom\u00f3viles Jasu","article_modified_time":"2024-02-11T18:51:59+00:00","og_image":[{"width":787,"height":428,"url":"https:\/\/www.automovilesjasu.com\/wp-content\/uploads\/2024\/02\/captura-de-pantalla-2024-02-05-a-las-18.17.24.png","type":"image\/png"}],"twitter_card":"summary_large_image","schema":{"@context":"https:\/\/schema.org","@graph":[{"@type":"WebPage","@id":"https:\/\/www.automovilesjasu.com\/cars\/","url":"https:\/\/www.automovilesjasu.com\/cars\/","name":"Inventory | Autom\u00f3viles Jasu","isPartOf":{"@id":"https:\/\/www.automovilesjasu.com\/#website"},"primaryImageOfPage":{"@id":"https:\/\/www.automovilesjasu.com\/cars\/#primaryimage"},"image":{"@id":"https:\/\/www.automovilesjasu.com\/cars\/#primaryimage"},"thumbnailUrl":"https:\/\/www.automovilesjasu.com\/wp-content\/uploads\/2024\/02\/captura-de-pantalla-2024-02-05-a-las-18.17.24.png","datePublished":"2021-06-30T12:45:47+00:00","dateModified":"2024-02-11T18:51:59+00:00","description":"Descubre las mejores ofertas en coches de oportunidad en Asturias en nuestro concesionario. Amplia selecci\u00f3n de veh\u00edculos de calidad a precios irresistibles. \u00a1Vis\u00edtanos y encuentra el coche perfecto para ti hoy mismo!","breadcrumb":{"@id":"https:\/\/www.automovilesjasu.com\/cars\/#breadcrumb"},"inLanguage":"en-US","potentialAction":[{"@type":"ReadAction","target":["https:\/\/www.automovilesjasu.com\/cars\/"]}]},{"@type":"ImageObject","inLanguage":"en-US","@id":"https:\/\/www.automovilesjasu.com\/cars\/#primaryimage","url":"https:\/\/www.automovilesjasu.com\/wp-content\/uploads\/2024\/02\/captura-de-pantalla-2024-02-05-a-las-18.17.24.png","contentUrl":"https:\/\/www.automovilesjasu.com\/wp-content\/uploads\/2024\/02\/captura-de-pantalla-2024-02-05-a-las-18.17.24.png","width":787,"height":428},{"@type":"BreadcrumbList","@id":"https:\/\/www.automovilesjasu.com\/cars\/#breadcrumb","itemListElement":[{"@type":"ListItem","position":1,"name":"Inicio","item":"https:\/\/www.automovilesjasu.com\/"},{"@type":"ListItem","position":2,"name":"Inventory"}]},{"@type":"WebSite","@id":"https:\/\/www.automovilesjasu.com\/#website","url":"https:\/\/www.automovilesjasu.com\/","name":"Autom\u00f3viles Jasu","description":"Compraventa de Veh\u00edculos de Ocasi\u00f3n","publisher":{"@id":"https:\/\/www.automovilesjasu.com\/#organization"},"potentialAction":[{"@type":"SearchAction","target":{"@type":"EntryPoint","urlTemplate":"https:\/\/www.automovilesjasu.com\/?s={search_term_string}"},"query-input":{"@type":"PropertyValueSpecification","valueRequired":true,"valueName":"search_term_string"}}],"inLanguage":"en-US"},{"@type":"Organization","@id":"https:\/\/www.automovilesjasu.com\/#organization","name":"Autom\u00f3viles JASU","url":"https:\/\/www.automovilesjasu.com\/","logo":{"@type":"ImageObject","inLanguage":"en-US","@id":"https:\/\/www.automovilesjasu.com\/#\/schema\/logo\/image\/","url":"https:\/\/www.automovilesjasu.com\/wp-content\/uploads\/2021\/07\/logo-jasu.png","contentUrl":"https:\/\/www.automovilesjasu.com\/wp-content\/uploads\/2021\/07\/logo-jasu.png","width":2637,"height":1200,"caption":"Autom\u00f3viles JASU"},"image":{"@id":"https:\/\/www.automovilesjasu.com\/#\/schema\/logo\/image\/"}}]}},"_links":{"self":[{"href":"https:\/\/www.automovilesjasu.com\/en\/wp-json\/wp\/v2\/pages\/11025","targetHints":{"allow":["GET"]}}],"collection":[{"href":"https:\/\/www.automovilesjasu.com\/en\/wp-json\/wp\/v2\/pages"}],"about":[{"href":"https:\/\/www.automovilesjasu.com\/en\/wp-json\/wp\/v2\/types\/page"}],"author":[{"embeddable":true,"href":"https:\/\/www.automovilesjasu.com\/en\/wp-json\/wp\/v2\/users\/4"}],"replies":[{"embeddable":true,"href":"https:\/\/www.automovilesjasu.com\/en\/wp-json\/wp\/v2\/comments?post=11025"}],"version-history":[{"count":1,"href":"https:\/\/www.automovilesjasu.com\/en\/wp-json\/wp\/v2\/pages\/11025\/revisions"}],"predecessor-version":[{"id":12707,"href":"https:\/\/www.automovilesjasu.com\/en\/wp-json\/wp\/v2\/pages\/11025\/revisions\/12707"}],"wp:featuredmedia":[{"embeddable":true,"href":"https:\/\/www.automovilesjasu.com\/en\/wp-json\/wp\/v2\/media\/12521"}],"wp:attachment":[{"href":"https:\/\/www.automovilesjasu.com\/en\/wp-json\/wp\/v2\/media?parent=11025"}],"curies":[{"name":"wp","href":"https:\/\/api.w.org\/{rel}","templated":true}]}}