{"id":11949,"date":"2023-11-18T12:50:32","date_gmt":"2023-11-18T11:50:32","guid":{"rendered":"https:\/\/www.automovilesjasu.com\/mapa-del-sitio-2\/"},"modified":"2024-02-11T19:44:46","modified_gmt":"2024-02-11T18:44:46","slug":"mapa-del-sitio-2","status":"publish","type":"page","link":"https:\/\/www.automovilesjasu.com\/en\/site-map-2\/","title":{"rendered":"Site Map"},"content":{"rendered":"<div data-elementor-type=\"wp-page\" data-elementor-id=\"11949\" class=\"elementor elementor-11949\" data-elementor-post-type=\"page\">\n\t\t\t\t\t\t<section class=\"elementor-section elementor-top-section elementor-element elementor-element-674bd8ab elementor-section-full_width elementor-section-height-default elementor-section-height-default\" data-id=\"674bd8ab\" data-element_type=\"section\" data-settings=\"{&quot;background_background&quot;:&quot;classic&quot;,&quot;background_motion_fx_motion_fx_scrolling&quot;:&quot;yes&quot;,&quot;background_motion_fx_devices&quot;:[&quot;desktop&quot;,&quot;tablet&quot;,&quot;mobile&quot;]}\">\n\t\t\t\t\t\t\t<div class=\"elementor-background-overlay\"><\/div>\n\t\t\t\t\t\t\t<div class=\"elementor-container elementor-column-gap-no\">\n\t\t\t\t\t<div class=\"elementor-column elementor-col-100 elementor-top-column elementor-element elementor-element-6dd699e6\" data-id=\"6dd699e6\" data-element_type=\"column\" data-settings=\"{&quot;background_background&quot;:&quot;classic&quot;}\">\n\t\t\t<div class=\"elementor-widget-wrap elementor-element-populated\">\n\t\t\t\t\t\t<div class=\"elementor-element elementor-element-6d343180 elementor-widget__width-auto elementor-mobile-align-center elementor-widget-mobile__width-auto elementor-widget elementor-widget-breadcrumbs\" data-id=\"6d343180\" data-element_type=\"widget\" data-widget_type=\"breadcrumbs.default\">\n\t\t\t\t<div class=\"elementor-widget-container\">\n\t\t\t\t\t<p id=\"breadcrumbs\"><span><span><a href=\"https:\/\/www.automovilesjasu.com\/en\">Start<\/a><\/span><\/span><\/p>\t\t\t\t<\/div>\n\t\t\t\t<\/div>\n\t\t\t\t<div class=\"elementor-element elementor-element-10f70a4a elementor-invisible elementor-widget elementor-widget-heading\" data-id=\"10f70a4a\" data-element_type=\"widget\" data-settings=\"{&quot;_animation&quot;:&quot;fadeInLeft&quot;}\" data-widget_type=\"heading.default\">\n\t\t\t\t<div class=\"elementor-widget-container\">\n\t\t\t\t\t<h1 class=\"elementor-heading-title elementor-size-default\">SITE MAP<\/h1>\t\t\t\t<\/div>\n\t\t\t\t<\/div>\n\t\t\t\t<div class=\"elementor-element elementor-element-71b0089b elementor-widget elementor-widget-text-editor\" data-id=\"71b0089b\" data-element_type=\"widget\" data-widget_type=\"text-editor.default\">\n\t\t\t\t<div class=\"elementor-widget-container\">\n\t\t\t\t\t\t\t\t\t<p style=\"text-align: center;\">Information about the internal structure of the site, the pages and their distribution in menus<\/p>\t\t\t\t\t\t\t\t<\/div>\n\t\t\t\t<\/div>\n\t\t\t\t\t<\/div>\n\t\t<\/div>\n\t\t\t\t\t<\/div>\n\t\t<\/section>\n\t\t\t\t<section class=\"elementor-section elementor-top-section elementor-element elementor-element-66fbd89f elementor-section-boxed elementor-section-height-default elementor-section-height-default\" data-id=\"66fbd89f\" data-element_type=\"section\">\n\t\t\t\t\t\t<div class=\"elementor-container elementor-column-gap-default\">\n\t\t\t\t\t<div class=\"elementor-column elementor-col-25 elementor-top-column elementor-element elementor-element-28a48606\" data-id=\"28a48606\" data-element_type=\"column\">\n\t\t\t<div class=\"elementor-widget-wrap elementor-element-populated\">\n\t\t\t\t\t\t<div class=\"elementor-element elementor-element-6394eff5 elementor-widget elementor-widget-sitemap\" data-id=\"6394eff5\" data-element_type=\"widget\" data-widget_type=\"sitemap.default\">\n\t\t\t\t<div class=\"elementor-widget-container\">\n\t\t\t\t\t<div class=\"elementor-sitemap-wrap\"><div class=\"elementor-sitemap-section\"><h2 class=\"elementor-sitemap-title elementor-sitemap-page-title\">Pages<\/h2><ul class=\"elementor-sitemap-list elementor-sitemap-page-list\"><li class=\"elementor-sitemap-item elementor-sitemap-item-page page_item page-item-6302\"><a rel=\"nofollow\" href=\"https:\/\/www.automovilesjasu.com\/en\">Start<\/a><\/li><li class=\"elementor-sitemap-item elementor-sitemap-item-page page_item page-item-12456\"><a rel=\"nofollow\" href=\"https:\/\/www.automovilesjasu.com\/en\/our-stock\/\">Our Stock<\/a><\/li><li class=\"elementor-sitemap-item elementor-sitemap-item-page page_item page-item-11945\"><a rel=\"nofollow\" href=\"https:\/\/www.automovilesjasu.com\/en\/accessibility\/\">Accessibility<\/a><\/li><li class=\"elementor-sitemap-item elementor-sitemap-item-page page_item page-item-11949\"><a rel=\"nofollow\" href=\"https:\/\/www.automovilesjasu.com\/en\/site-map-2\/\">Site Map<\/a><\/li><li class=\"elementor-sitemap-item elementor-sitemap-item-page page_item page-item-11937\"><a rel=\"nofollow\" href=\"https:\/\/www.automovilesjasu.com\/en\/privacy-policy-2\/\">Privacy Policy<\/a><\/li><li class=\"elementor-sitemap-item elementor-sitemap-item-page page_item page-item-11941\"><a rel=\"nofollow\" href=\"https:\/\/www.automovilesjasu.com\/en\/cookie-policy-2\/\">Cookies policy<\/a><\/li><li class=\"elementor-sitemap-item elementor-sitemap-item-page page_item page-item-11025\"><a rel=\"nofollow\" href=\"https:\/\/www.automovilesjasu.com\/en\/cars\/\">Inventory<\/a><\/li><li class=\"elementor-sitemap-item elementor-sitemap-item-page page_item page-item-1083\"><a rel=\"nofollow\" href=\"https:\/\/www.automovilesjasu.com\/en\/compare\/\">Compare<\/a><\/li><li class=\"elementor-sitemap-item elementor-sitemap-item-page page_item page-item-308\"><a rel=\"nofollow\" href=\"https:\/\/www.automovilesjasu.com\/en\/contact\/\">Contact<\/a><\/li><li class=\"elementor-sitemap-item elementor-sitemap-item-page page_item page-item-311\"><a rel=\"nofollow\" href=\"https:\/\/www.automovilesjasu.com\/en\/legal-notice\/\">Legal warning<\/a><\/li><\/ul><\/div><\/div>\t\t\t\t<\/div>\n\t\t\t\t<\/div>\n\t\t\t\t\t<\/div>\n\t\t<\/div>\n\t\t\t\t<div class=\"elementor-column elementor-col-25 elementor-top-column elementor-element elementor-element-2a78e370\" data-id=\"2a78e370\" data-element_type=\"column\">\n\t\t\t<div class=\"elementor-widget-wrap elementor-element-populated\">\n\t\t\t\t\t\t<div class=\"elementor-element elementor-element-41e43f6c elementor-widget elementor-widget-sitemap\" data-id=\"41e43f6c\" data-element_type=\"widget\" data-widget_type=\"sitemap.default\">\n\t\t\t\t<div class=\"elementor-widget-container\">\n\t\t\t\t\t<div class=\"elementor-sitemap-wrap\"><div class=\"elementor-sitemap-section\"><h2 class=\"elementor-sitemap-title elementor-sitemap-page-title\">Legal Menu<\/h2><ul class=\"elementor-sitemap-list elementor-sitemap-page-list\"><li class=\"elementor-sitemap-item elementor-sitemap-item-page page_item page-item-6302\"><a rel=\"nofollow\" href=\"https:\/\/www.automovilesjasu.com\/en\">Start<\/a><\/li><li class=\"elementor-sitemap-item elementor-sitemap-item-page page_item page-item-12456\"><a rel=\"nofollow\" href=\"https:\/\/www.automovilesjasu.com\/en\/our-stock\/\">Our Stock<\/a><\/li><li class=\"elementor-sitemap-item elementor-sitemap-item-page page_item page-item-11945\"><a rel=\"nofollow\" href=\"https:\/\/www.automovilesjasu.com\/en\/accessibility\/\">Accessibility<\/a><\/li><li class=\"elementor-sitemap-item elementor-sitemap-item-page page_item page-item-11949\"><a rel=\"nofollow\" href=\"https:\/\/www.automovilesjasu.com\/en\/site-map-2\/\">Site Map<\/a><\/li><li class=\"elementor-sitemap-item elementor-sitemap-item-page page_item page-item-11937\"><a rel=\"nofollow\" href=\"https:\/\/www.automovilesjasu.com\/en\/privacy-policy-2\/\">Privacy Policy<\/a><\/li><li class=\"elementor-sitemap-item elementor-sitemap-item-page page_item page-item-11941\"><a rel=\"nofollow\" href=\"https:\/\/www.automovilesjasu.com\/en\/cookie-policy-2\/\">Cookies policy<\/a><\/li><li class=\"elementor-sitemap-item elementor-sitemap-item-page page_item page-item-11025\"><a rel=\"nofollow\" href=\"https:\/\/www.automovilesjasu.com\/en\/cars\/\">Inventory<\/a><\/li><li class=\"elementor-sitemap-item elementor-sitemap-item-page page_item page-item-1083\"><a rel=\"nofollow\" href=\"https:\/\/www.automovilesjasu.com\/en\/compare\/\">Compare<\/a><\/li><li class=\"elementor-sitemap-item elementor-sitemap-item-page page_item page-item-311\"><a rel=\"nofollow\" href=\"https:\/\/www.automovilesjasu.com\/en\/legal-notice\/\">Legal warning<\/a><\/li><\/ul><\/div><\/div>\t\t\t\t<\/div>\n\t\t\t\t<\/div>\n\t\t\t\t\t<\/div>\n\t\t<\/div>\n\t\t\t\t<div class=\"elementor-column elementor-col-25 elementor-top-column elementor-element elementor-element-a8492e7\" data-id=\"a8492e7\" data-element_type=\"column\">\n\t\t\t<div class=\"elementor-widget-wrap elementor-element-populated\">\n\t\t\t\t\t\t<div class=\"elementor-element elementor-element-1e252c96 elementor-widget elementor-widget-sitemap\" data-id=\"1e252c96\" data-element_type=\"widget\" data-widget_type=\"sitemap.default\">\n\t\t\t\t<div class=\"elementor-widget-container\">\n\t\t\t\t\t<div class=\"elementor-sitemap-wrap\"><div class=\"elementor-sitemap-section\"><h2 class=\"elementor-sitemap-title elementor-sitemap-page-title\">Accessibility Menu<\/h2><ul class=\"elementor-sitemap-list elementor-sitemap-page-list\"><li class=\"elementor-sitemap-item elementor-sitemap-item-page page_item page-item-6302\"><a rel=\"nofollow\" href=\"https:\/\/www.automovilesjasu.com\/en\">Start<\/a><\/li><li class=\"elementor-sitemap-item elementor-sitemap-item-page page_item page-item-12456\"><a rel=\"nofollow\" href=\"https:\/\/www.automovilesjasu.com\/en\/our-stock\/\">Our Stock<\/a><\/li><li class=\"elementor-sitemap-item elementor-sitemap-item-page page_item page-item-11945\"><a rel=\"nofollow\" href=\"https:\/\/www.automovilesjasu.com\/en\/accessibility\/\">Accessibility<\/a><\/li><li class=\"elementor-sitemap-item elementor-sitemap-item-page page_item page-item-11949\"><a rel=\"nofollow\" href=\"https:\/\/www.automovilesjasu.com\/en\/site-map-2\/\">Site Map<\/a><\/li><li class=\"elementor-sitemap-item elementor-sitemap-item-page page_item page-item-11937\"><a rel=\"nofollow\" href=\"https:\/\/www.automovilesjasu.com\/en\/privacy-policy-2\/\">Privacy Policy<\/a><\/li><li class=\"elementor-sitemap-item elementor-sitemap-item-page page_item page-item-11941\"><a rel=\"nofollow\" href=\"https:\/\/www.automovilesjasu.com\/en\/cookie-policy-2\/\">Cookies policy<\/a><\/li><li class=\"elementor-sitemap-item elementor-sitemap-item-page page_item page-item-11025\"><a rel=\"nofollow\" href=\"https:\/\/www.automovilesjasu.com\/en\/cars\/\">Inventory<\/a><\/li><li class=\"elementor-sitemap-item elementor-sitemap-item-page page_item page-item-1083\"><a rel=\"nofollow\" href=\"https:\/\/www.automovilesjasu.com\/en\/compare\/\">Compare<\/a><\/li><\/ul><\/div><\/div>\t\t\t\t<\/div>\n\t\t\t\t<\/div>\n\t\t\t\t\t<\/div>\n\t\t<\/div>\n\t\t\t\t<div class=\"elementor-column elementor-col-25 elementor-top-column elementor-element elementor-element-52b8cd27\" data-id=\"52b8cd27\" data-element_type=\"column\">\n\t\t\t<div class=\"elementor-widget-wrap elementor-element-populated\">\n\t\t\t\t\t\t<div class=\"elementor-element elementor-element-227998cb elementor-widget elementor-widget-sitemap\" data-id=\"227998cb\" data-element_type=\"widget\" data-widget_type=\"sitemap.default\">\n\t\t\t\t<div class=\"elementor-widget-container\">\n\t\t\t\t\t<div class=\"elementor-sitemap-wrap\"><div class=\"elementor-sitemap-section\"><h2 class=\"elementor-sitemap-title elementor-sitemap-language_switcher-title\">Languages Menu<\/h2><ul class=\"elementor-sitemap-list elementor-sitemap-language_switcher-list\"><li class=\"elementor-sitemap-item elementor-sitemap-item-language_switcher page_item page-item-142\"><a rel=\"nofollow\" href=\"https:\/\/www.automovilesjasu.com\/en\/language_switcher\/spanish\/\">Spanish<\/a><\/li><li class=\"elementor-sitemap-item elementor-sitemap-item-language_switcher page_item page-item-143\"><a rel=\"nofollow\" href=\"https:\/\/www.automovilesjasu.com\/en\/language_switcher\/english\/\">English<\/a><\/li><li class=\"elementor-sitemap-item elementor-sitemap-item-language_switcher page_item page-item-144\"><a rel=\"nofollow\" href=\"https:\/\/www.automovilesjasu.com\/en\/language_switcher\/idioma-actual\/\">Current language<\/a><\/li><li class=\"elementor-sitemap-item elementor-sitemap-item-language_switcher page_item page-item-425\"><a rel=\"nofollow\" href=\"https:\/\/www.automovilesjasu.com\/en\/language_switcher\/french\/\">French<\/a><\/li><\/ul><\/div><\/div>\t\t\t\t<\/div>\n\t\t\t\t<\/div>\n\t\t\t\t\t<\/div>\n\t\t<\/div>\n\t\t\t\t\t<\/div>\n\t\t<\/section>\n\t\t\t\t<section class=\"elementor-section elementor-top-section elementor-element elementor-element-30daf889 elementor-section-boxed elementor-section-height-default elementor-section-height-default\" data-id=\"30daf889\" data-element_type=\"section\">\n\t\t\t\t\t\t<div class=\"elementor-container elementor-column-gap-default\">\n\t\t\t\t\t<div class=\"elementor-column elementor-col-100 elementor-top-column elementor-element elementor-element-49d4b237\" data-id=\"49d4b237\" data-element_type=\"column\">\n\t\t\t<div class=\"elementor-widget-wrap elementor-element-populated\">\n\t\t\t\t\t\t<div class=\"elementor-element elementor-element-579f3f17 elementor-align-center elementor-widget elementor-widget-button\" data-id=\"579f3f17\" data-element_type=\"widget\" data-widget_type=\"button.default\">\n\t\t\t\t<div class=\"elementor-widget-container\">\n\t\t\t\t\t\t\t\t\t<div class=\"elementor-button-wrapper\">\n\t\t\t\t\t<a class=\"elementor-button elementor-size-md elementor-animation-grow\" role=\"button\">\n\t\t\t\t\t\t<span class=\"elementor-button-content-wrapper\">\n\t\t\t\t\t\t\t\t\t<span class=\"elementor-button-text\">Ask for more information<\/span>\n\t\t\t\t\t<\/span>\n\t\t\t\t\t<\/a>\n\t\t\t\t<\/div>\n\t\t\t\t\t\t\t\t<\/div>\n\t\t\t\t<\/div>\n\t\t\t\t\t<\/div>\n\t\t<\/div>\n\t\t\t\t\t<\/div>\n\t\t<\/section>\n\t\t\t\t<\/div>","protected":false},"excerpt":{"rendered":"<p>SITE MAP Information on the internal structure of the site, the pages and their distribution in menus Request more information<\/p>","protected":false},"author":4,"featured_media":11952,"parent":0,"menu_order":4,"comment_status":"closed","ping_status":"closed","template":"","meta":{"_joinchat":[],"footnotes":""},"class_list":["post-11949","page","type-page","status-publish","has-post-thumbnail","hentry"],"acf":[],"yoast_head":"<!-- This site is optimized with the Yoast SEO plugin v24.4 - https:\/\/yoast.com\/wordpress\/plugins\/seo\/ -->\n<title>Mapa del Sitio | Autom\u00f3viles Jasu<\/title>\n<meta name=\"description\" content=\"Descubre las mejores ofertas en coches de oportunidad en Asturias en nuestro concesionario. Amplia selecci\u00f3n de veh\u00edculos de calidad a precios irresistibles. \u00a1Vis\u00edtanos y encuentra el coche perfecto para ti hoy mismo!\" \/>\n<meta name=\"robots\" content=\"index, follow, max-snippet:-1, max-image-preview:large, max-video-preview:-1\" \/>\n<link rel=\"canonical\" href=\"https:\/\/www.automovilesjasu.com\/en\/site-map-2\/\" \/>\n<meta property=\"og:locale\" content=\"en_US\" \/>\n<meta property=\"og:type\" content=\"article\" \/>\n<meta property=\"og:title\" content=\"Mapa del Sitio | Autom\u00f3viles Jasu\" \/>\n<meta property=\"og:description\" content=\"Descubre las mejores ofertas en coches de oportunidad en Asturias en nuestro concesionario. Amplia selecci\u00f3n de veh\u00edculos de calidad a precios irresistibles. \u00a1Vis\u00edtanos y encuentra el coche perfecto para ti hoy mismo!\" \/>\n<meta property=\"og:url\" content=\"https:\/\/www.automovilesjasu.com\/en\/site-map-2\/\" \/>\n<meta property=\"og:site_name\" content=\"Autom\u00f3viles Jasu\" \/>\n<meta property=\"article:modified_time\" content=\"2024-02-11T18:44:46+00:00\" \/>\n<meta property=\"og:image\" content=\"https:\/\/www.automovilesjasu.com\/wp-content\/uploads\/2023\/11\/sitemap-1.jpeg\" \/>\n\t<meta property=\"og:image:width\" content=\"1367\" \/>\n\t<meta property=\"og:image:height\" content=\"768\" \/>\n\t<meta property=\"og:image:type\" content=\"image\/jpeg\" \/>\n<meta name=\"twitter:card\" content=\"summary_large_image\" \/>\n<script type=\"application\/ld+json\" class=\"yoast-schema-graph\">{\"@context\":\"https:\/\/schema.org\",\"@graph\":[{\"@type\":\"WebPage\",\"@id\":\"https:\/\/www.automovilesjasu.com\/mapa-del-sitio-2\/\",\"url\":\"https:\/\/www.automovilesjasu.com\/mapa-del-sitio-2\/\",\"name\":\"Mapa del Sitio | Autom\u00f3viles Jasu\",\"isPartOf\":{\"@id\":\"https:\/\/www.automovilesjasu.com\/#website\"},\"primaryImageOfPage\":{\"@id\":\"https:\/\/www.automovilesjasu.com\/mapa-del-sitio-2\/#primaryimage\"},\"image\":{\"@id\":\"https:\/\/www.automovilesjasu.com\/mapa-del-sitio-2\/#primaryimage\"},\"thumbnailUrl\":\"https:\/\/www.automovilesjasu.com\/wp-content\/uploads\/2023\/11\/sitemap-1.jpeg\",\"datePublished\":\"2023-11-18T11:50:32+00:00\",\"dateModified\":\"2024-02-11T18:44:46+00:00\",\"description\":\"Descubre las mejores ofertas en coches de oportunidad en Asturias en nuestro concesionario. Amplia selecci\u00f3n de veh\u00edculos de calidad a precios irresistibles. \u00a1Vis\u00edtanos y encuentra el coche perfecto para ti hoy mismo!\",\"breadcrumb\":{\"@id\":\"https:\/\/www.automovilesjasu.com\/mapa-del-sitio-2\/#breadcrumb\"},\"inLanguage\":\"en-US\",\"potentialAction\":[{\"@type\":\"ReadAction\",\"target\":[\"https:\/\/www.automovilesjasu.com\/mapa-del-sitio-2\/\"]}]},{\"@type\":\"ImageObject\",\"inLanguage\":\"en-US\",\"@id\":\"https:\/\/www.automovilesjasu.com\/mapa-del-sitio-2\/#primaryimage\",\"url\":\"https:\/\/www.automovilesjasu.com\/wp-content\/uploads\/2023\/11\/sitemap-1.jpeg\",\"contentUrl\":\"https:\/\/www.automovilesjasu.com\/wp-content\/uploads\/2023\/11\/sitemap-1.jpeg\",\"width\":1367,\"height\":768},{\"@type\":\"BreadcrumbList\",\"@id\":\"https:\/\/www.automovilesjasu.com\/mapa-del-sitio-2\/#breadcrumb\",\"itemListElement\":[{\"@type\":\"ListItem\",\"position\":1,\"name\":\"Inicio\",\"item\":\"https:\/\/www.automovilesjasu.com\/\"},{\"@type\":\"ListItem\",\"position\":2,\"name\":\"Mapa del Sitio\"}]},{\"@type\":\"WebSite\",\"@id\":\"https:\/\/www.automovilesjasu.com\/#website\",\"url\":\"https:\/\/www.automovilesjasu.com\/\",\"name\":\"Autom\u00f3viles Jasu\",\"description\":\"Compraventa de Veh\u00edculos de Ocasi\u00f3n\",\"publisher\":{\"@id\":\"https:\/\/www.automovilesjasu.com\/#organization\"},\"potentialAction\":[{\"@type\":\"SearchAction\",\"target\":{\"@type\":\"EntryPoint\",\"urlTemplate\":\"https:\/\/www.automovilesjasu.com\/?s={search_term_string}\"},\"query-input\":{\"@type\":\"PropertyValueSpecification\",\"valueRequired\":true,\"valueName\":\"search_term_string\"}}],\"inLanguage\":\"en-US\"},{\"@type\":\"Organization\",\"@id\":\"https:\/\/www.automovilesjasu.com\/#organization\",\"name\":\"Autom\u00f3viles JASU\",\"url\":\"https:\/\/www.automovilesjasu.com\/\",\"logo\":{\"@type\":\"ImageObject\",\"inLanguage\":\"en-US\",\"@id\":\"https:\/\/www.automovilesjasu.com\/#\/schema\/logo\/image\/\",\"url\":\"https:\/\/www.automovilesjasu.com\/wp-content\/uploads\/2021\/07\/logo-jasu.png\",\"contentUrl\":\"https:\/\/www.automovilesjasu.com\/wp-content\/uploads\/2021\/07\/logo-jasu.png\",\"width\":2637,\"height\":1200,\"caption\":\"Autom\u00f3viles JASU\"},\"image\":{\"@id\":\"https:\/\/www.automovilesjasu.com\/#\/schema\/logo\/image\/\"}}]}<\/script>\n<!-- \/ Yoast SEO plugin. -->","yoast_head_json":{"title":"Mapa del Sitio | Autom\u00f3viles Jasu","description":"Descubre las mejores ofertas en coches de oportunidad en Asturias en nuestro concesionario. Amplia selecci\u00f3n de veh\u00edculos de calidad a precios irresistibles. \u00a1Vis\u00edtanos y encuentra el coche perfecto para ti hoy mismo!","robots":{"index":"index","follow":"follow","max-snippet":"max-snippet:-1","max-image-preview":"max-image-preview:large","max-video-preview":"max-video-preview:-1"},"canonical":"https:\/\/www.automovilesjasu.com\/en\/site-map-2\/","og_locale":"en_US","og_type":"article","og_title":"Mapa del Sitio | Autom\u00f3viles Jasu","og_description":"Descubre las mejores ofertas en coches de oportunidad en Asturias en nuestro concesionario. Amplia selecci\u00f3n de veh\u00edculos de calidad a precios irresistibles. \u00a1Vis\u00edtanos y encuentra el coche perfecto para ti hoy mismo!","og_url":"https:\/\/www.automovilesjasu.com\/en\/site-map-2\/","og_site_name":"Autom\u00f3viles Jasu","article_modified_time":"2024-02-11T18:44:46+00:00","og_image":[{"width":1367,"height":768,"url":"https:\/\/www.automovilesjasu.com\/wp-content\/uploads\/2023\/11\/sitemap-1.jpeg","type":"image\/jpeg"}],"twitter_card":"summary_large_image","schema":{"@context":"https:\/\/schema.org","@graph":[{"@type":"WebPage","@id":"https:\/\/www.automovilesjasu.com\/mapa-del-sitio-2\/","url":"https:\/\/www.automovilesjasu.com\/mapa-del-sitio-2\/","name":"Mapa del Sitio | Autom\u00f3viles Jasu","isPartOf":{"@id":"https:\/\/www.automovilesjasu.com\/#website"},"primaryImageOfPage":{"@id":"https:\/\/www.automovilesjasu.com\/mapa-del-sitio-2\/#primaryimage"},"image":{"@id":"https:\/\/www.automovilesjasu.com\/mapa-del-sitio-2\/#primaryimage"},"thumbnailUrl":"https:\/\/www.automovilesjasu.com\/wp-content\/uploads\/2023\/11\/sitemap-1.jpeg","datePublished":"2023-11-18T11:50:32+00:00","dateModified":"2024-02-11T18:44:46+00:00","description":"Descubre las mejores ofertas en coches de oportunidad en Asturias en nuestro concesionario. Amplia selecci\u00f3n de veh\u00edculos de calidad a precios irresistibles. \u00a1Vis\u00edtanos y encuentra el coche perfecto para ti hoy mismo!","breadcrumb":{"@id":"https:\/\/www.automovilesjasu.com\/mapa-del-sitio-2\/#breadcrumb"},"inLanguage":"en-US","potentialAction":[{"@type":"ReadAction","target":["https:\/\/www.automovilesjasu.com\/mapa-del-sitio-2\/"]}]},{"@type":"ImageObject","inLanguage":"en-US","@id":"https:\/\/www.automovilesjasu.com\/mapa-del-sitio-2\/#primaryimage","url":"https:\/\/www.automovilesjasu.com\/wp-content\/uploads\/2023\/11\/sitemap-1.jpeg","contentUrl":"https:\/\/www.automovilesjasu.com\/wp-content\/uploads\/2023\/11\/sitemap-1.jpeg","width":1367,"height":768},{"@type":"BreadcrumbList","@id":"https:\/\/www.automovilesjasu.com\/mapa-del-sitio-2\/#breadcrumb","itemListElement":[{"@type":"ListItem","position":1,"name":"Inicio","item":"https:\/\/www.automovilesjasu.com\/"},{"@type":"ListItem","position":2,"name":"Mapa del Sitio"}]},{"@type":"WebSite","@id":"https:\/\/www.automovilesjasu.com\/#website","url":"https:\/\/www.automovilesjasu.com\/","name":"Autom\u00f3viles Jasu","description":"Compraventa de Veh\u00edculos de Ocasi\u00f3n","publisher":{"@id":"https:\/\/www.automovilesjasu.com\/#organization"},"potentialAction":[{"@type":"SearchAction","target":{"@type":"EntryPoint","urlTemplate":"https:\/\/www.automovilesjasu.com\/?s={search_term_string}"},"query-input":{"@type":"PropertyValueSpecification","valueRequired":true,"valueName":"search_term_string"}}],"inLanguage":"en-US"},{"@type":"Organization","@id":"https:\/\/www.automovilesjasu.com\/#organization","name":"Autom\u00f3viles JASU","url":"https:\/\/www.automovilesjasu.com\/","logo":{"@type":"ImageObject","inLanguage":"en-US","@id":"https:\/\/www.automovilesjasu.com\/#\/schema\/logo\/image\/","url":"https:\/\/www.automovilesjasu.com\/wp-content\/uploads\/2021\/07\/logo-jasu.png","contentUrl":"https:\/\/www.automovilesjasu.com\/wp-content\/uploads\/2021\/07\/logo-jasu.png","width":2637,"height":1200,"caption":"Autom\u00f3viles JASU"},"image":{"@id":"https:\/\/www.automovilesjasu.com\/#\/schema\/logo\/image\/"}}]}},"_links":{"self":[{"href":"https:\/\/www.automovilesjasu.com\/en\/wp-json\/wp\/v2\/pages\/11949","targetHints":{"allow":["GET"]}}],"collection":[{"href":"https:\/\/www.automovilesjasu.com\/en\/wp-json\/wp\/v2\/pages"}],"about":[{"href":"https:\/\/www.automovilesjasu.com\/en\/wp-json\/wp\/v2\/types\/page"}],"author":[{"embeddable":true,"href":"https:\/\/www.automovilesjasu.com\/en\/wp-json\/wp\/v2\/users\/4"}],"replies":[{"embeddable":true,"href":"https:\/\/www.automovilesjasu.com\/en\/wp-json\/wp\/v2\/comments?post=11949"}],"version-history":[{"count":4,"href":"https:\/\/www.automovilesjasu.com\/en\/wp-json\/wp\/v2\/pages\/11949\/revisions"}],"predecessor-version":[{"id":12009,"href":"https:\/\/www.automovilesjasu.com\/en\/wp-json\/wp\/v2\/pages\/11949\/revisions\/12009"}],"wp:featuredmedia":[{"embeddable":true,"href":"https:\/\/www.automovilesjasu.com\/en\/wp-json\/wp\/v2\/media\/11952"}],"wp:attachment":[{"href":"https:\/\/www.automovilesjasu.com\/en\/wp-json\/wp\/v2\/media?parent=11949"}],"curies":[{"name":"wp","href":"https:\/\/api.w.org\/{rel}","templated":true}]}}